{"id":7190,"date":"2026-02-13T10:49:16","date_gmt":"2026-02-13T15:49:16","guid":{"rendered":"https:\/\/community.camerisefsl.ca\/?page_id=7190"},"modified":"2026-02-17T12:06:25","modified_gmt":"2026-02-17T17:06:25","slug":"politique-de-confidentialite","status":"publish","type":"page","link":"https:\/\/community.camerisefsl.ca\/politique-de-confidentialite\/","title":{"rendered":"Politique de confidentialit\u00e9 (Web + Application mobile)"},"content":{"rendered":"\t\t<div data-elementor-type=\"wp-page\" data-elementor-id=\"7190\" class=\"elementor elementor-7190\" data-elementor-post-type=\"page\">\n\t\t\t\t<div class=\"elementor-element elementor-element-b044792 e-flex e-con-boxed e-con e-parent\" data-id=\"b044792\" data-element_type=\"container\" data-e-type=\"container\">\n\t\t\t\t\t<div class=\"e-con-inner\">\n\t\t\t\t<div class=\"elementor-element elementor-element-a7755ff elementor-widget elementor-widget-text-editor\" data-id=\"a7755ff\" data-element_type=\"widget\" data-e-type=\"widget\" data-widget_type=\"text-editor.default\">\n\t\t\t\t\t\t\t\t\t<p data-start=\"214\" data-end=\"251\"><strong data-start=\"214\" data-end=\"251\">Derni\u00e8re mise \u00e0 jour : 2026-02-13<\/strong><\/p><p data-start=\"253\" data-end=\"499\">La pr\u00e9sente Politique de confidentialit\u00e9 d\u00e9crit comment Camerise Communities, un projet du Coll\u00e8ge Universitaire Glendon et de l\u2019Universit\u00e9 York (\u00ab nous \u00bb, \u00ab notre \u00bb, \u00ab nos \u00bb) collecte, utilise, conserve et prot\u00e8ge vos renseignements personnels lorsque vous utilisez notre communaut\u00e9 en ligne accessible via :<\/p><ul data-start=\"501\" data-end=\"627\"><li data-start=\"501\" data-end=\"555\"><p data-start=\"503\" data-end=\"555\">notre site web : <a class=\"decorated-link\" href=\"https:\/\/community.camerisefsl.ca\/\" target=\"_new\" rel=\"noopener\" data-start=\"520\" data-end=\"553\">https:\/\/community.camerisefsl.ca\/<\/a><\/p><\/li><li data-start=\"556\" data-end=\"627\"><p data-start=\"558\" data-end=\"627\">notre application mobile iOS et\/ou Android (\u00ab Camerise Communities \u00bb)<\/p><\/li><\/ul><p data-start=\"629\" data-end=\"852\">Nous nous engageons \u00e0 prot\u00e9ger la vie priv\u00e9e de nos membres et \u00e0 respecter les lois canadiennes applicables, notamment la LPRPDE (PIPEDA), ainsi que les lois provinciales pertinentes, incluant celles applicables en Ontario.<\/p><hr data-start=\"854\" data-end=\"857\" \/><h2 data-start=\"859\" data-end=\"907\">1) Acc\u00e8s priv\u00e9 et contenu r\u00e9serv\u00e9 aux membres<\/h2><p data-start=\"909\" data-end=\"984\">Notre communaut\u00e9 est un espace priv\u00e9 accessible uniquement sur inscription.<\/p><p data-start=\"986\" data-end=\"1097\">Le contenu publi\u00e9 (publications, commentaires, groupes, fichiers, messages priv\u00e9s) n\u2019est pas visible au public.<\/p><p data-start=\"1099\" data-end=\"1156\">Le contenu n\u2019est pas index\u00e9 par les moteurs de recherche.<\/p><p data-start=\"1158\" data-end=\"1200\">L\u2019acc\u00e8s est r\u00e9serv\u00e9 aux membres connect\u00e9s.<\/p><p data-start=\"1202\" data-end=\"1373\">\u26a0\ufe0f <strong>Malgr\u00e9 nos mesures de s\u00e9curit\u00e9, aucune plateforme ne peut garantir une confidentialit\u00e9 absolue. Nous encourageons les membres \u00e0 ne pas publier d\u2019informations sensibles.<\/strong><\/p><hr data-start=\"1375\" data-end=\"1378\" \/><h2 data-start=\"1380\" data-end=\"1413\">2) Donn\u00e9es que nous collectons<\/h2><h3 data-start=\"1415\" data-end=\"1460\">a) Donn\u00e9es fournies lors de l\u2019inscription<\/h3><ul data-start=\"1462\" data-end=\"1622\"><li data-start=\"1462\" data-end=\"1483\"><p data-start=\"1464\" data-end=\"1483\">nom ou pseudonyme<\/p><\/li><li data-start=\"1484\" data-end=\"1504\"><p data-start=\"1486\" data-end=\"1504\">adresse courriel<\/p><\/li><li data-start=\"1505\" data-end=\"1548\"><p data-start=\"1507\" data-end=\"1548\">mot de passe (stock\u00e9 sous forme hach\u00e9e)<\/p><\/li><li data-start=\"1549\" data-end=\"1582\"><p data-start=\"1551\" data-end=\"1582\">photo de profil (optionnelle)<\/p><\/li><li data-start=\"1583\" data-end=\"1622\"><p data-start=\"1585\" data-end=\"1622\">informations de profil (optionnelles)<\/p><\/li><\/ul><h3 data-start=\"1624\" data-end=\"1671\">b) Donn\u00e9es li\u00e9es \u00e0 l\u2019activit\u00e9 communautaire<\/h3><ul data-start=\"1673\" data-end=\"1804\"><li data-start=\"1673\" data-end=\"1714\"><p data-start=\"1675\" data-end=\"1714\">publications, commentaires, r\u00e9actions<\/p><\/li><li data-start=\"1715\" data-end=\"1746\"><p data-start=\"1717\" data-end=\"1746\">participation \u00e0 des groupes<\/p><\/li><li data-start=\"1747\" data-end=\"1766\"><p data-start=\"1749\" data-end=\"1766\">messages priv\u00e9s<\/p><\/li><li data-start=\"1767\" data-end=\"1804\"><p data-start=\"1769\" data-end=\"1804\">fichiers, images et m\u00e9dias partag\u00e9s<\/p><\/li><\/ul><h3 data-start=\"1806\" data-end=\"1842\">c) Donn\u00e9es techniques (Site web)<\/h3><ul data-start=\"1844\" data-end=\"1940\"><li data-start=\"1844\" data-end=\"1858\"><p data-start=\"1846\" data-end=\"1858\">adresse IP<\/p><\/li><li data-start=\"1859\" data-end=\"1881\"><p data-start=\"1861\" data-end=\"1881\">type de navigateur<\/p><\/li><li data-start=\"1882\" data-end=\"1913\"><p data-start=\"1884\" data-end=\"1913\">journaux de s\u00e9curit\u00e9 (logs)<\/p><\/li><li data-start=\"1914\" data-end=\"1940\"><p data-start=\"1916\" data-end=\"1940\">cookies (voir section 9)<\/p><\/li><\/ul><h3 data-start=\"1942\" data-end=\"1988\">d) Donn\u00e9es techniques (Application mobile)<\/h3><p data-start=\"1990\" data-end=\"2051\">Lorsque vous utilisez l\u2019Application, nous pouvons collecter :<\/p><ul data-start=\"2053\" data-end=\"2279\"><li data-start=\"2053\" data-end=\"2082\"><p data-start=\"2055\" data-end=\"2082\">type d\u2019appareil et mod\u00e8le<\/p><\/li><li data-start=\"2083\" data-end=\"2120\"><p data-start=\"2085\" data-end=\"2120\">version du syst\u00e8me d\u2019exploitation<\/p><\/li><li data-start=\"2121\" data-end=\"2205\"><p data-start=\"2123\" data-end=\"2205\">identifiants techniques (ex. identifiant de l\u2019appareil ou jeton de notification)<\/p><\/li><li data-start=\"2206\" data-end=\"2266\"><p data-start=\"2208\" data-end=\"2266\">donn\u00e9es de performance et de diagnostic (ex. crash logs)<\/p><\/li><li data-start=\"2267\" data-end=\"2279\"><p data-start=\"2269\" data-end=\"2279\">adresse IP<\/p><\/li><\/ul><hr data-start=\"2281\" data-end=\"2284\" \/><h2 data-start=\"2286\" data-end=\"2333\">3) Comment nous utilisons vos renseignements<\/h2><p data-start=\"2335\" data-end=\"2397\">Nous utilisons vos renseignements personnels uniquement pour :<\/p><ul data-start=\"2399\" data-end=\"2865\"><li data-start=\"2399\" data-end=\"2437\"><p data-start=\"2401\" data-end=\"2437\">cr\u00e9er et g\u00e9rer votre compte membre<\/p><\/li><li data-start=\"2438\" data-end=\"2498\"><p data-start=\"2440\" data-end=\"2498\">vous permettre d\u2019acc\u00e9der aux fonctionnalit\u00e9s (BuddyBoss)<\/p><\/li><li data-start=\"2499\" data-end=\"2539\"><p data-start=\"2501\" data-end=\"2539\">faciliter les \u00e9changes entre membres<\/p><\/li><li data-start=\"2540\" data-end=\"2591\"><p data-start=\"2542\" data-end=\"2591\">assurer la s\u00e9curit\u00e9 du Site et de l\u2019Application<\/p><\/li><li data-start=\"2592\" data-end=\"2650\"><p data-start=\"2594\" data-end=\"2650\">pr\u00e9venir le spam, la fraude et les acc\u00e8s non autoris\u00e9s<\/p><\/li><li data-start=\"2651\" data-end=\"2712\"><p data-start=\"2653\" data-end=\"2712\">appliquer nos r\u00e8gles communautaires et mod\u00e9rer le contenu<\/p><\/li><li data-start=\"2713\" data-end=\"2794\"><p data-start=\"2715\" data-end=\"2794\">envoyer des communications li\u00e9es au service (s\u00e9curit\u00e9, compte, notifications)<\/p><\/li><li data-start=\"2795\" data-end=\"2865\"><p data-start=\"2797\" data-end=\"2865\">am\u00e9liorer l\u2019exp\u00e9rience utilisateur, la performance et la stabilit\u00e9<\/p><\/li><\/ul><p data-start=\"2867\" data-end=\"2917\">Nous ne vendons pas vos renseignements personnels.<\/p><hr data-start=\"2919\" data-end=\"2922\" \/><h2 data-start=\"2924\" data-end=\"2952\">4) Mod\u00e9ration et s\u00e9curit\u00e9<\/h2><p data-start=\"2954\" data-end=\"3016\">Afin de maintenir un environnement s\u00e9curitaire, nous pouvons :<\/p><ul data-start=\"3018\" data-end=\"3243\"><li data-start=\"3018\" data-end=\"3058\"><p data-start=\"3020\" data-end=\"3058\">traiter les signalements des membres<\/p><\/li><li data-start=\"3059\" data-end=\"3092\"><p data-start=\"3061\" data-end=\"3092\">retirer ou masquer du contenu<\/p><\/li><li data-start=\"3093\" data-end=\"3149\"><p data-start=\"3095\" data-end=\"3149\">suspendre ou supprimer un compte en cas de violation<\/p><\/li><li data-start=\"3150\" data-end=\"3243\"><p data-start=\"3152\" data-end=\"3243\">conserver des preuves minimales en cas d\u2019abus grave (harc\u00e8lement, menaces, contenu ill\u00e9gal)<\/p><\/li><\/ul><p data-start=\"3245\" data-end=\"3274\"><strong data-start=\"3245\" data-end=\"3274\">Acc\u00e8s aux messages priv\u00e9s<\/strong><\/p><p data-start=\"3276\" data-end=\"3532\">Les messages priv\u00e9s sont destin\u00e9s aux membres. Toutefois, en cas de signalement, d\u2019enqu\u00eate interne, de risque s\u00e9rieux, ou d\u2019obligation l\u00e9gale, nous pouvons \u00eatre amen\u00e9s \u00e0 examiner certains contenus strictement n\u00e9cessaires, dans la mesure permise par la loi.<\/p><hr data-start=\"3534\" data-end=\"3537\" \/><h2 data-start=\"3539\" data-end=\"3571\">5) Partage des renseignements<\/h2><p data-start=\"3573\" data-end=\"3620\">Nous partageons vos renseignements uniquement :<\/p><h3 data-start=\"3622\" data-end=\"3652\">a) Avec les autres membres<\/h3><p data-start=\"3654\" data-end=\"3786\">Votre nom\/pseudonyme, votre profil et votre contenu communautaire sont visibles aux membres connect\u00e9s, selon les param\u00e8tres du Site.<\/p><h3 data-start=\"3788\" data-end=\"3828\">b) Avec nos fournisseurs de services<\/h3><p data-start=\"3830\" data-end=\"4036\">Nous utilisons des prestataires n\u00e9cessaires au fonctionnement (h\u00e9bergement, sauvegardes, s\u00e9curit\u00e9, courriels, notifications push).<br data-start=\"3960\" data-end=\"3963\" \/>Ils ont acc\u00e8s uniquement aux renseignements n\u00e9cessaires \u00e0 leurs services.<\/p><h3 data-start=\"4038\" data-end=\"4064\">c) Obligations l\u00e9gales<\/h3><p data-start=\"4066\" data-end=\"4183\">Nous pouvons divulguer des renseignements si requis par la loi (ordonnance, enqu\u00eate, pr\u00e9vention d\u2019un risque s\u00e9rieux).<\/p><hr data-start=\"4185\" data-end=\"4188\" \/><h2 data-start=\"4190\" data-end=\"4217\">6) H\u00e9bergement au Canada<\/h2><p data-start=\"4219\" data-end=\"4346\">Notre Site est h\u00e9berg\u00e9 au Canada, par un fournisseur canadien.<br data-start=\"4281\" data-end=\"4284\" \/>Les donn\u00e9es sont conserv\u00e9es sur des serveurs situ\u00e9s au Canada.<\/p><hr data-start=\"4348\" data-end=\"4351\" \/><h2 data-start=\"4353\" data-end=\"4380\">7) Technologie BuddyBoss<\/h2><p data-start=\"4382\" data-end=\"4459\">Notre communaut\u00e9 utilise la technologie BuddyBoss (WordPress) afin de g\u00e9rer :<\/p><ul data-start=\"4461\" data-end=\"4562\"><li data-start=\"4461\" data-end=\"4480\"><p data-start=\"4463\" data-end=\"4480\">profils membres<\/p><\/li><li data-start=\"4481\" data-end=\"4492\"><p data-start=\"4483\" data-end=\"4492\">groupes<\/p><\/li><li data-start=\"4493\" data-end=\"4522\"><p data-start=\"4495\" data-end=\"4522\">activit\u00e9s et publications<\/p><\/li><li data-start=\"4523\" data-end=\"4544\"><p data-start=\"4525\" data-end=\"4544\">messagerie priv\u00e9e<\/p><\/li><li data-start=\"4545\" data-end=\"4562\"><p data-start=\"4547\" data-end=\"4562\">notifications<\/p><\/li><\/ul><p data-start=\"4564\" data-end=\"4680\">Les donn\u00e9es communautaires sont stock\u00e9es dans notre base de donn\u00e9es et utilis\u00e9es uniquement pour fournir le service.<\/p><hr data-start=\"4682\" data-end=\"4685\" \/><h2 data-start=\"4687\" data-end=\"4727\">8) Notifications (Web et Application)<\/h2><h3 data-start=\"4729\" data-end=\"4758\">a) Notifications internes<\/h3><p data-start=\"4760\" data-end=\"4863\">Le Site et l\u2019Application peuvent envoyer des notifications internes (ex. activit\u00e9, r\u00e9ponses, messages).<\/p><h3 data-start=\"4865\" data-end=\"4890\">b) Notifications push<\/h3><p data-start=\"4892\" data-end=\"4970\">Si vous activez les notifications push sur mobile, nous pouvons vous envoyer :<\/p><ul data-start=\"4972\" data-end=\"5110\"><li data-start=\"4972\" data-end=\"5002\"><p data-start=\"4974\" data-end=\"5002\">alertes de messages priv\u00e9s<\/p><\/li><li data-start=\"5003\" data-end=\"5034\"><p data-start=\"5005\" data-end=\"5034\">r\u00e9ponses \u00e0 vos publications<\/p><\/li><li data-start=\"5035\" data-end=\"5062\"><p data-start=\"5037\" data-end=\"5062\">notifications de groupe<\/p><\/li><li data-start=\"5063\" data-end=\"5110\"><p data-start=\"5065\" data-end=\"5110\">communications importantes li\u00e9es au service<\/p><\/li><\/ul><p data-start=\"5112\" data-end=\"5210\">Vous pouvez d\u00e9sactiver les notifications push \u00e0 tout moment dans les param\u00e8tres de votre appareil.<\/p><hr data-start=\"5212\" data-end=\"5215\" \/><h2 data-start=\"5217\" data-end=\"5257\">9) Cookies et technologies similaires<\/h2><p data-start=\"5259\" data-end=\"5292\">Nous utilisons des cookies pour :<\/p><ul data-start=\"5294\" data-end=\"5390\"><li data-start=\"5294\" data-end=\"5328\"><p data-start=\"5296\" data-end=\"5328\">maintenir votre session active<\/p><\/li><li data-start=\"5329\" data-end=\"5364\"><p data-start=\"5331\" data-end=\"5364\">m\u00e9moriser certaines pr\u00e9f\u00e9rences<\/p><\/li><li data-start=\"5365\" data-end=\"5390\"><p data-start=\"5367\" data-end=\"5390\">renforcer la s\u00e9curit\u00e9<\/p><\/li><\/ul><p data-start=\"5392\" data-end=\"5500\">Vous pouvez d\u00e9sactiver les cookies dans votre navigateur, mais certaines fonctions pourraient \u00eatre limit\u00e9es.<\/p><hr data-start=\"5502\" data-end=\"5505\" \/><h2 data-start=\"5507\" data-end=\"5548\">10) Permissions de l\u2019appareil (mobile)<\/h2><p data-start=\"5550\" data-end=\"5640\">L\u2019Application peut demander l\u2019acc\u00e8s \u00e0 certaines fonctions de votre appareil, par exemple :<\/p><ul data-start=\"5642\" data-end=\"5785\"><li data-start=\"5642\" data-end=\"5688\"><p data-start=\"5644\" data-end=\"5688\">cam\u00e9ra (photo de profil, partage d\u2019images)<\/p><\/li><li data-start=\"5689\" data-end=\"5722\"><p data-start=\"5691\" data-end=\"5722\">biblioth\u00e8que photo \/ fichiers<\/p><\/li><li data-start=\"5723\" data-end=\"5745\"><p data-start=\"5725\" data-end=\"5745\">notifications push<\/p><\/li><li data-start=\"5746\" data-end=\"5785\"><p data-start=\"5748\" data-end=\"5785\">microphone (si fonctionnalit\u00e9s audio)<\/p><\/li><\/ul><p data-start=\"5787\" data-end=\"5887\">Ces permissions sont optionnelles et peuvent \u00eatre d\u00e9sactiv\u00e9es dans les param\u00e8tres de votre appareil.<\/p><hr data-start=\"5889\" data-end=\"5892\" \/><h2 data-start=\"5894\" data-end=\"5925\">11) Conservation des donn\u00e9es<\/h2><p data-start=\"5927\" data-end=\"5992\">Nous conservons les donn\u00e9es aussi longtemps que n\u00e9cessaire pour :<\/p><ul data-start=\"5994\" data-end=\"6093\"><li data-start=\"5994\" data-end=\"6016\"><p data-start=\"5996\" data-end=\"6016\">fournir le service<\/p><\/li><li data-start=\"6017\" data-end=\"6055\"><p data-start=\"6019\" data-end=\"6055\">g\u00e9rer la s\u00e9curit\u00e9 et la mod\u00e9ration<\/p><\/li><li data-start=\"6056\" data-end=\"6093\"><p data-start=\"6058\" data-end=\"6093\">respecter nos obligations l\u00e9gales<\/p><\/li><\/ul><p data-start=\"6095\" data-end=\"6120\"><strong data-start=\"6095\" data-end=\"6120\">Suppression du compte<\/strong><\/p><p data-start=\"6122\" data-end=\"6313\">Vous pouvez demander la suppression de votre compte.<br data-start=\"6174\" data-end=\"6177\" \/>Selon la configuration du Site, certains contenus peuvent \u00eatre supprim\u00e9s, anonymis\u00e9s, ou conserv\u00e9s sans lien direct avec votre identit\u00e9.<\/p><hr data-start=\"6315\" data-end=\"6318\" \/><h2 data-start=\"6320\" data-end=\"6337\">12) Vos droits<\/h2><p data-start=\"6339\" data-end=\"6352\">Vous pouvez :<\/p><ul data-start=\"6354\" data-end=\"6503\"><li data-start=\"6354\" data-end=\"6406\"><p data-start=\"6356\" data-end=\"6406\">demander l\u2019acc\u00e8s \u00e0 vos renseignements personnels<\/p><\/li><li data-start=\"6407\" data-end=\"6434\"><p data-start=\"6409\" data-end=\"6434\">demander une correction<\/p><\/li><li data-start=\"6435\" data-end=\"6503\"><p data-start=\"6437\" data-end=\"6503\">demander la suppression de votre compte (dans les limites l\u00e9gales)<\/p><\/li><\/ul><p data-start=\"6505\" data-end=\"6537\"><strong data-start=\"6505\" data-end=\"6518\">Contact :<\/strong> <a title=\"mailto:info@community.camerisefsl.ca\" href=\"mailto:info@community.camerisefsl.ca\" data-linkindex=\"0\" data-olk-copy-source=\"MessageBody\">info@community.camerisefsl.ca<\/a><\/p><hr data-start=\"6539\" data-end=\"6542\" \/><h2 data-start=\"6544\" data-end=\"6609\">13) Confidentialit\u00e9 des \u00e9changes et responsabilit\u00e9 des membres<\/h2><p data-start=\"6611\" data-end=\"6645\">M\u00eame si la communaut\u00e9 est priv\u00e9e :<\/p><ul data-start=\"6647\" data-end=\"6744\"><li data-start=\"6647\" data-end=\"6689\"><p data-start=\"6649\" data-end=\"6689\">les membres peuvent voir votre contenu<\/p><\/li><li data-start=\"6690\" data-end=\"6744\"><p data-start=\"6692\" data-end=\"6744\">des captures d\u2019\u00e9cran ou copies peuvent \u00eatre faites<\/p><\/li><\/ul><p data-start=\"6746\" data-end=\"6878\">Nous recommandons de ne pas publier d\u2019informations sensibles (donn\u00e9es bancaires, documents officiels, informations m\u00e9dicales, etc.).<\/p><hr data-start=\"6880\" data-end=\"6883\" \/><h2 data-start=\"6885\" data-end=\"6899\">14) Mineurs<\/h2><p data-start=\"6901\" data-end=\"7026\">Le Site et l\u2019Application ne sont pas destin\u00e9s aux personnes de moins de 18 ans, sauf indication contraire.<\/p><hr data-start=\"7028\" data-end=\"7031\" \/><h2 data-start=\"7033\" data-end=\"7069\">15) Modifications de la politique<\/h2><p data-start=\"7071\" data-end=\"7268\">Nous pouvons modifier cette politique \u00e0 tout moment.<br data-start=\"7123\" data-end=\"7126\" \/>La date de mise \u00e0 jour sera indiqu\u00e9e en haut.<br data-start=\"7171\" data-end=\"7174\" \/>En cas de changement important, un avis pourra \u00eatre affich\u00e9 sur le Site ou envoy\u00e9 aux membres.<\/p><hr data-start=\"7270\" data-end=\"7273\" \/><h2 data-start=\"7275\" data-end=\"7289\">16) Contact<\/h2><p data-start=\"7291\" data-end=\"7361\">Camerise Communities, un projet du Coll\u00e8ge Universitaire Glendon et de l\u2019Universit\u00e9 York<br data-start=\"4609\" data-end=\"4612\" \/>4700 Keele Street<br \/>Toronto, ON M3J1P3 Canada<br data-start=\"4621\" data-end=\"4624\" \/><a title=\"mailto:info@community.camerisefsl.ca\" href=\"mailto:info@community.camerisefsl.ca\" data-linkindex=\"0\" data-olk-copy-source=\"MessageBody\">info@community.camerisefsl.ca<\/a><\/p>\t\t\t\t\t\t\t\t<\/div>\n\t\t\t\t\t<\/div>\n\t\t\t\t<\/div>\n\t\t\t\t<\/div>\n\t\t","protected":false},"excerpt":{"rendered":"<p>Derni\u00e8re mise \u00e0 jour : 2026-02-13 La pr\u00e9sente Politique de confidentialit\u00e9 d\u00e9crit comment Camerise Communities, un projet du Coll\u00e8ge Universitaire Glendon et de l\u2019Universit\u00e9 York (\u00ab nous \u00bb, \u00ab notre \u00bb, \u00ab nos \u00bb) collecte, utilise, conserve et prot\u00e8ge vos renseignements personnels lorsque vous utilisez notre communaut\u00e9 en ligne accessible via : notre site web : https:\/\/community.camerisefsl.ca\/ notre application mobile iOS et\/ou Android (\u00ab Camerise Communities \u00bb) Nous nous engageons \u00e0 prot\u00e9ger la vie priv\u00e9e\u2026<\/p>\n","protected":false},"author":3,"featured_media":0,"parent":0,"menu_order":0,"comment_status":"closed","ping_status":"closed","template":"","meta":{"productId":0,"courseId":0,"footnotes":""},"class_list":["post-7190","page","type-page","status-publish","hentry"],"wpml_current_locale":"fr_FR","wpml_translations":{"en_US":{"locale":"en_US","id":7202,"slug":"privacy-policy","post_title":"Privacy Policy (Web + Mobile Application)","href":"https:\/\/community.camerisefsl.ca\/en\/privacy-policy\/"}},"app_access":{"can_access":true,"restrict_message":null},"language":{"code":"fr","locale":"","name":"","is_rtl":false},"_links":{"self":[{"href":"https:\/\/community.camerisefsl.ca\/wp-json\/wp\/v2\/pages\/7190","targetHints":{"allow":["GET"]}}],"collection":[{"href":"https:\/\/community.camerisefsl.ca\/wp-json\/wp\/v2\/pages"}],"about":[{"href":"https:\/\/community.camerisefsl.ca\/wp-json\/wp\/v2\/types\/page"}],"author":[{"embeddable":true,"href":"https:\/\/community.camerisefsl.ca\/wp-json\/wp\/v2\/users\/3"}],"replies":[{"embeddable":true,"href":"https:\/\/community.camerisefsl.ca\/wp-json\/wp\/v2\/comments?post=7190"}],"version-history":[{"count":22,"href":"https:\/\/community.camerisefsl.ca\/wp-json\/wp\/v2\/pages\/7190\/revisions"}],"predecessor-version":[{"id":7320,"href":"https:\/\/community.camerisefsl.ca\/wp-json\/wp\/v2\/pages\/7190\/revisions\/7320"}],"wp:attachment":[{"href":"https:\/\/community.camerisefsl.ca\/wp-json\/wp\/v2\/media?parent=7190"}],"curies":[{"name":"wp","href":"https:\/\/api.w.org\/{rel}","templated":true}]}}