{"id":7205,"date":"2026-02-13T11:13:59","date_gmt":"2026-02-13T16:13:59","guid":{"rendered":"https:\/\/community.camerisefsl.ca\/?page_id=7205"},"modified":"2026-02-17T12:05:36","modified_gmt":"2026-02-17T17:05:36","slug":"conditions-dutilisation","status":"publish","type":"page","link":"https:\/\/community.camerisefsl.ca\/conditions-dutilisation\/","title":{"rendered":"Conditions d\u2019utilisation (Web + Application mobile)"},"content":{"rendered":"\t\t<div data-elementor-type=\"wp-page\" data-elementor-id=\"7205\" class=\"elementor elementor-7205\" data-elementor-post-type=\"page\">\n\t\t\t\t<div class=\"elementor-element elementor-element-c0b660d e-flex e-con-boxed e-con e-parent\" data-id=\"c0b660d\" data-element_type=\"container\" data-e-type=\"container\">\n\t\t\t\t\t<div class=\"e-con-inner\">\n\t\t\t\t<div class=\"elementor-element elementor-element-0f998bc elementor-widget elementor-widget-text-editor\" data-id=\"0f998bc\" data-element_type=\"widget\" data-e-type=\"widget\" data-widget_type=\"text-editor.default\">\n\t\t\t\t\t\t\t\t\t<p data-start=\"191\" data-end=\"228\"><strong data-start=\"191\" data-end=\"228\">Derni\u00e8re mise \u00e0 jour : 2026-02-13<\/strong><\/p><p data-start=\"230\" data-end=\"439\">Les pr\u00e9sentes Conditions d\u2019utilisation (\u00ab Conditions \u00bb) r\u00e9gissent l\u2019acc\u00e8s et l\u2019utilisation de Communaut\u00e9s Camerise (le \u00ab Site \u00bb), une communaut\u00e9 priv\u00e9e accessible \u00e0 l\u2019adresse <a class=\"decorated-link\" href=\"https:\/\/community.camerisefsl.ca\/\" target=\"_new\" rel=\"noopener\" data-start=\"405\" data-end=\"438\">https:\/\/community.camerisefsl.ca\/<\/a>.<\/p><p data-start=\"441\" data-end=\"515\">En cr\u00e9ant un compte ou en utilisant le Site, vous acceptez ces Conditions.<\/p><hr data-start=\"517\" data-end=\"520\" \/><h2 data-start=\"522\" data-end=\"545\">1) Nature du service<\/h2><p data-start=\"547\" data-end=\"613\">Le Site est un espace communautaire priv\u00e9 permettant aux membres :<\/p><ul data-start=\"615\" data-end=\"750\"><li data-start=\"615\" data-end=\"676\"><p data-start=\"617\" data-end=\"676\">d\u2019\u00e9changer via des publications, commentaires et groupes,<\/p><\/li><li data-start=\"677\" data-end=\"718\"><p data-start=\"679\" data-end=\"718\">de communiquer par messagerie priv\u00e9e,<\/p><\/li><li data-start=\"719\" data-end=\"750\"><p data-start=\"721\" data-end=\"750\">de partager des ressources.<\/p><\/li><\/ul><p data-start=\"752\" data-end=\"793\">L\u2019acc\u00e8s est r\u00e9serv\u00e9 aux membres inscrits.<\/p><hr data-start=\"795\" data-end=\"798\" \/><h2 data-start=\"800\" data-end=\"819\">2) Admissibilit\u00e9<\/h2><p data-start=\"821\" data-end=\"859\">En utilisant le Site, vous confirmez :<\/p><ul data-start=\"861\" data-end=\"1010\"><li data-start=\"861\" data-end=\"898\"><p data-start=\"863\" data-end=\"898\">avoir au moins [\u00e2ge minimal] ans,<\/p><\/li><li data-start=\"899\" data-end=\"958\"><p data-start=\"901\" data-end=\"958\">fournir des informations exactes lors de l\u2019inscription,<\/p><\/li><li data-start=\"959\" data-end=\"1010\"><p data-start=\"961\" data-end=\"1010\">ne pas usurper l\u2019identit\u00e9 d\u2019une autre personne.<\/p><\/li><\/ul><hr data-start=\"1012\" data-end=\"1015\" \/><h2 data-start=\"1017\" data-end=\"1041\">3) Compte et s\u00e9curit\u00e9<\/h2><p data-start=\"1043\" data-end=\"1069\">Vous \u00eates responsable de :<\/p><ul data-start=\"1071\" data-end=\"1163\"><li data-start=\"1071\" data-end=\"1116\"><p data-start=\"1073\" data-end=\"1116\">la confidentialit\u00e9 de votre mot de passe,<\/p><\/li><li data-start=\"1117\" data-end=\"1163\"><p data-start=\"1119\" data-end=\"1163\">toute activit\u00e9 effectu\u00e9e via votre compte.<\/p><\/li><\/ul><p data-start=\"1165\" data-end=\"1230\">Nous vous recommandons d\u2019utiliser un mot de passe fort et unique.<\/p><hr data-start=\"1232\" data-end=\"1235\" \/><h2 data-start=\"1237\" data-end=\"1282\">4) R\u00e8gles de conduite (Code communautaire)<\/h2><p data-start=\"1284\" data-end=\"1338\">Vous acceptez de ne pas publier, envoyer ou partager :<\/p><ul data-start=\"1340\" data-end=\"1837\"><li data-start=\"1340\" data-end=\"1398\"><p data-start=\"1342\" data-end=\"1398\">harc\u00e8lement, intimidation, menaces ou discours haineux<\/p><\/li><li data-start=\"1399\" data-end=\"1479\"><p data-start=\"1401\" data-end=\"1479\">contenu discriminatoire (race, religion, genre, orientation, handicap, etc.)<\/p><\/li><li data-start=\"1480\" data-end=\"1546\"><p data-start=\"1482\" data-end=\"1546\">contenu pornographique, sexuellement explicite ou exploitation<\/p><\/li><li data-start=\"1547\" data-end=\"1597\"><p data-start=\"1549\" data-end=\"1597\">incitation \u00e0 la violence ou \u00e0 l\u2019automutilation<\/p><\/li><li data-start=\"1598\" data-end=\"1664\"><p data-start=\"1600\" data-end=\"1664\">informations personnelles d\u2019autrui sans consentement (doxxing)<\/p><\/li><li data-start=\"1665\" data-end=\"1722\"><p data-start=\"1667\" data-end=\"1722\">contenu ill\u00e9gal ou facilitant des activit\u00e9s ill\u00e9gales<\/p><\/li><li data-start=\"1723\" data-end=\"1781\"><p data-start=\"1725\" data-end=\"1781\">spam, publicit\u00e9 non autoris\u00e9e, sollicitations abusives<\/p><\/li><li data-start=\"1782\" data-end=\"1837\"><p data-start=\"1784\" data-end=\"1837\">virus, scripts malveillants, tentatives de piratage<\/p><\/li><\/ul><hr data-start=\"1839\" data-end=\"1842\" \/><h2 data-start=\"1844\" data-end=\"1891\">5) Respect de la confidentialit\u00e9 des membres<\/h2><p data-start=\"1893\" data-end=\"1911\">Vous acceptez de :<\/p><ul data-start=\"1913\" data-end=\"2112\"><li data-start=\"1913\" data-end=\"2002\"><p data-start=\"1915\" data-end=\"2002\">ne pas partager \u00e0 l\u2019ext\u00e9rieur du Site le contenu d\u2019un autre membre sans consentement,<\/p><\/li><li data-start=\"2003\" data-end=\"2060\"><p data-start=\"2005\" data-end=\"2060\">\u00e9viter les captures d\u2019\u00e9cran de conversations priv\u00e9es,<\/p><\/li><li data-start=\"2061\" data-end=\"2112\"><p data-start=\"2063\" data-end=\"2112\">respecter les \u00e9changes dans les groupes ferm\u00e9s.<\/p><\/li><\/ul><p data-start=\"2114\" data-end=\"2180\">\u26a0\ufe0f <strong>Toute violation peut entra\u00eener des sanctions (voir section 10).<\/strong><\/p><hr data-start=\"2182\" data-end=\"2185\" \/><h2 data-start=\"2187\" data-end=\"2222\">6) Contenu utilisateur et droits<\/h2><p data-start=\"2224\" data-end=\"2277\">Vous restez propri\u00e9taire du contenu que vous publiez.<\/p><p data-start=\"2279\" data-end=\"2372\">En publiant du contenu sur le Site, vous nous accordez une licence non exclusive permettant :<\/p><ul data-start=\"2374\" data-end=\"2537\"><li data-start=\"2374\" data-end=\"2425\"><p data-start=\"2376\" data-end=\"2425\">d\u2019afficher et diffuser ce contenu dans le Site,<\/p><\/li><li data-start=\"2426\" data-end=\"2472\"><p data-start=\"2428\" data-end=\"2472\">de le stocker et le traiter techniquement,<\/p><\/li><li data-start=\"2473\" data-end=\"2537\"><p data-start=\"2475\" data-end=\"2537\">de le sauvegarder pour des raisons de continuit\u00e9 du service.<\/p><\/li><\/ul><p data-start=\"2539\" data-end=\"2604\">Cette licence est n\u00e9cessaire au fonctionnement technique du Site.<\/p><hr data-start=\"2606\" data-end=\"2609\" \/><h2 data-start=\"2611\" data-end=\"2642\">7) Signalement et mod\u00e9ration<\/h2><p data-start=\"2644\" data-end=\"2682\">Nous pouvons mod\u00e9rer le Site afin de :<\/p><ul data-start=\"2684\" data-end=\"2782\"><li data-start=\"2684\" data-end=\"2709\"><p data-start=\"2686\" data-end=\"2709\">prot\u00e9ger les membres,<\/p><\/li><li data-start=\"2710\" data-end=\"2745\"><p data-start=\"2712\" data-end=\"2745\">faire respecter ces Conditions,<\/p><\/li><li data-start=\"2746\" data-end=\"2782\"><p data-start=\"2748\" data-end=\"2782\">maintenir un environnement sain.<\/p><\/li><\/ul><p data-start=\"2784\" data-end=\"2816\">Les actions possibles incluent :<\/p><ul data-start=\"2818\" data-end=\"2941\"><li data-start=\"2818\" data-end=\"2857\"><p data-start=\"2820\" data-end=\"2857\">suppression ou masquage de contenu,<\/p><\/li><li data-start=\"2858\" data-end=\"2876\"><p data-start=\"2860\" data-end=\"2876\">avertissement,<\/p><\/li><li data-start=\"2877\" data-end=\"2903\"><p data-start=\"2879\" data-end=\"2903\">suspension temporaire,<\/p><\/li><li data-start=\"2904\" data-end=\"2941\"><p data-start=\"2906\" data-end=\"2941\">suppression d\u00e9finitive du compte.<\/p><\/li><\/ul><hr data-start=\"2943\" data-end=\"2946\" \/><h2 data-start=\"2948\" data-end=\"2979\">8) Groupes et espaces priv\u00e9s<\/h2><p data-start=\"2981\" data-end=\"3022\">Certains espaces (groupes) peuvent \u00eatre :<\/p><ul data-start=\"3024\" data-end=\"3087\"><li data-start=\"3024\" data-end=\"3055\"><p data-start=\"3026\" data-end=\"3055\">publics (pour les membres),<\/p><\/li><li data-start=\"3056\" data-end=\"3067\"><p data-start=\"3058\" data-end=\"3067\">priv\u00e9s,<\/p><\/li><li data-start=\"3068\" data-end=\"3087\"><p data-start=\"3070\" data-end=\"3087\">sur invitation.<\/p><\/li><\/ul><p data-start=\"3089\" data-end=\"3152\">L\u2019acc\u00e8s et la visibilit\u00e9 sont g\u00e9r\u00e9s par les param\u00e8tres du Site.<\/p><hr data-start=\"3154\" data-end=\"3157\" \/><h2 data-start=\"3159\" data-end=\"3193\">9) Limitation de responsabilit\u00e9<\/h2><p data-start=\"3195\" data-end=\"3227\">Le Site est fourni \u00ab tel quel \u00bb.<\/p><p data-start=\"3229\" data-end=\"3255\">Nous ne garantissons pas :<\/p><ul data-start=\"3257\" data-end=\"3367\"><li data-start=\"3257\" data-end=\"3287\"><p data-start=\"3259\" data-end=\"3287\">l\u2019absence d\u2019interruptions,<\/p><\/li><li data-start=\"3288\" data-end=\"3312\"><p data-start=\"3290\" data-end=\"3312\">l\u2019absence d\u2019erreurs,<\/p><\/li><li data-start=\"3313\" data-end=\"3367\"><p data-start=\"3315\" data-end=\"3367\">l\u2019exactitude des contenus publi\u00e9s par les membres.<\/p><\/li><\/ul><p data-start=\"3369\" data-end=\"3426\">Les opinions exprim\u00e9es par les membres n\u2019engagent qu\u2019eux.<\/p><hr data-start=\"3428\" data-end=\"3431\" \/><h2 data-start=\"3433\" data-end=\"3475\">10) Suspension et suppression de compte<\/h2><p data-start=\"3477\" data-end=\"3527\">Nous pouvons suspendre ou supprimer un compte si :<\/p><ul data-start=\"3529\" data-end=\"3677\"><li data-start=\"3529\" data-end=\"3561\"><p data-start=\"3531\" data-end=\"3561\">les Conditions sont viol\u00e9es,<\/p><\/li><li data-start=\"3562\" data-end=\"3610\"><p data-start=\"3564\" data-end=\"3610\">un comportement met en danger la communaut\u00e9,<\/p><\/li><li data-start=\"3611\" data-end=\"3657\"><p data-start=\"3613\" data-end=\"3657\">des activit\u00e9s frauduleuses sont d\u00e9tect\u00e9es,<\/p><\/li><li data-start=\"3658\" data-end=\"3677\"><p data-start=\"3660\" data-end=\"3677\">la loi l\u2019exige.<\/p><\/li><\/ul><p data-start=\"3679\" data-end=\"3755\">Vous pouvez demander la suppression de votre compte en contactant : <a title=\"mailto:info@community.camerisefsl.ca\" href=\"mailto:info@community.camerisefsl.ca\" data-linkindex=\"0\" data-olk-copy-source=\"MessageBody\">info@community.camerisefsl.ca<\/a>.<\/p><hr data-start=\"3757\" data-end=\"3760\" \/><h2 data-start=\"3762\" data-end=\"3793\">11) Propri\u00e9t\u00e9 intellectuelle<\/h2><p data-start=\"3795\" data-end=\"3959\">Tout contenu appartenant \u00e0 Camerise Communities, un projet du Coll\u00e8ge Universitaire Glendon et de l\u2019Universit\u00e9 York (logo, textes, marque, design, contenus internes) ne peut pas \u00eatre copi\u00e9 ou r\u00e9utilis\u00e9 sans autorisation \u00e9crite.<\/p><hr data-start=\"3961\" data-end=\"3964\" \/><h2 data-start=\"3966\" data-end=\"3987\">12) Services tiers<\/h2><p data-start=\"3989\" data-end=\"4216\">Certaines fonctionnalit\u00e9s peuvent d\u00e9pendre de services tiers (ex. courriels, int\u00e9grations).<br data-start=\"4080\" data-end=\"4083\" \/>Nous ne sommes pas responsables des pratiques de confidentialit\u00e9 de ces services, mais nous limitons leur usage au strict n\u00e9cessaire.<\/p><hr data-start=\"4218\" data-end=\"4221\" \/><h2 data-start=\"4223\" data-end=\"4258\">13) Modifications des Conditions<\/h2><p data-start=\"4260\" data-end=\"4419\">Nous pouvons modifier ces Conditions.<br data-start=\"4297\" data-end=\"4300\" \/>La date de mise \u00e0 jour sera indiqu\u00e9e en haut.<br data-start=\"4345\" data-end=\"4348\" \/>Votre utilisation continue du Site apr\u00e8s modification vaut acceptation.<\/p><hr data-start=\"4421\" data-end=\"4424\" \/><h2 data-start=\"4426\" data-end=\"4449\">14) Droit applicable<\/h2><p data-start=\"4451\" data-end=\"4563\">Ces Conditions sont r\u00e9gies par les lois applicables de la province de l\u2019Ontario et les lois f\u00e9d\u00e9rales du Canada.<\/p><hr data-start=\"4565\" data-end=\"4568\" \/><h2 data-start=\"4570\" data-end=\"4584\">15) Contact<\/h2><p data-start=\"4586\" data-end=\"4648\">Camerise Communities, un projet du Coll\u00e8ge Universitaire Glendon et de l\u2019Universit\u00e9 York<br data-start=\"4609\" data-end=\"4612\" \/>4700 Keele Street<br \/>Toronto, ON M3J1P3 Canada<br data-start=\"4621\" data-end=\"4624\" \/><a title=\"mailto:info@community.camerisefsl.ca\" href=\"mailto:info@community.camerisefsl.ca\" data-linkindex=\"0\" data-olk-copy-source=\"MessageBody\">info@community.camerisefsl.ca<\/a><\/p>\t\t\t\t\t\t\t\t<\/div>\n\t\t\t\t\t<\/div>\n\t\t\t\t<\/div>\n\t\t\t\t<\/div>\n\t\t","protected":false},"excerpt":{"rendered":"<p>Derni\u00e8re mise \u00e0 jour : 2026-02-13 Les pr\u00e9sentes Conditions d\u2019utilisation (\u00ab Conditions \u00bb) r\u00e9gissent l\u2019acc\u00e8s et l\u2019utilisation de Communaut\u00e9s Camerise (le \u00ab Site \u00bb), une communaut\u00e9 priv\u00e9e accessible \u00e0 l\u2019adresse https:\/\/community.camerisefsl.ca\/. En cr\u00e9ant un compte ou en utilisant le Site, vous acceptez ces Conditions. 1) Nature du service Le Site est un espace communautaire priv\u00e9 permettant aux membres : d\u2019\u00e9changer via des publications, commentaires et groupes, de communiquer par messagerie priv\u00e9e, de partager des ressources.\u2026<\/p>\n","protected":false},"author":3,"featured_media":0,"parent":0,"menu_order":0,"comment_status":"closed","ping_status":"closed","template":"","meta":{"productId":0,"courseId":0,"footnotes":""},"class_list":["post-7205","page","type-page","status-publish","hentry"],"wpml_current_locale":"fr_FR","wpml_translations":{"en_US":{"locale":"en_US","id":7221,"slug":"terms-of-use","post_title":"Terms of Use (Web + Mobile App)","href":"https:\/\/community.camerisefsl.ca\/en\/terms-of-use\/"}},"app_access":{"can_access":true,"restrict_message":null},"language":{"code":"fr","locale":"","name":"","is_rtl":false},"_links":{"self":[{"href":"https:\/\/community.camerisefsl.ca\/wp-json\/wp\/v2\/pages\/7205","targetHints":{"allow":["GET"]}}],"collection":[{"href":"https:\/\/community.camerisefsl.ca\/wp-json\/wp\/v2\/pages"}],"about":[{"href":"https:\/\/community.camerisefsl.ca\/wp-json\/wp\/v2\/types\/page"}],"author":[{"embeddable":true,"href":"https:\/\/community.camerisefsl.ca\/wp-json\/wp\/v2\/users\/3"}],"replies":[{"embeddable":true,"href":"https:\/\/community.camerisefsl.ca\/wp-json\/wp\/v2\/comments?post=7205"}],"version-history":[{"count":16,"href":"https:\/\/community.camerisefsl.ca\/wp-json\/wp\/v2\/pages\/7205\/revisions"}],"predecessor-version":[{"id":7316,"href":"https:\/\/community.camerisefsl.ca\/wp-json\/wp\/v2\/pages\/7205\/revisions\/7316"}],"wp:attachment":[{"href":"https:\/\/community.camerisefsl.ca\/wp-json\/wp\/v2\/media?parent=7205"}],"curies":[{"name":"wp","href":"https:\/\/api.w.org\/{rel}","templated":true}]}}