{"id":8233,"date":"2026-04-23T11:31:15","date_gmt":"2026-04-23T15:31:15","guid":{"rendered":"https:\/\/community.camerisefsl.ca\/?page_id=8233"},"modified":"2026-04-23T12:32:37","modified_gmt":"2026-04-23T16:32:37","slug":"infolettre","status":"publish","type":"page","link":"https:\/\/community.camerisefsl.ca\/infolettre\/","title":{"rendered":"Infolettre"},"content":{"rendered":"\t\t<div data-elementor-type=\"wp-page\" data-elementor-id=\"8233\" class=\"elementor elementor-8233\" data-elementor-post-type=\"page\">\n\t\t\t\t\t\t<section class=\"elementor-section elementor-top-section elementor-element elementor-element-333d9bf elementor-section-height-min-height elementor-section-boxed elementor-section-height-default elementor-section-items-middle\" data-id=\"333d9bf\" data-element_type=\"section\" data-e-type=\"section\" data-settings=\"{\"background_background\":\"classic\"}\">\n\t\t\t\t\t\t\t<div class=\"elementor-background-overlay\"><\/div>\n\t\t\t\t\t\t\t<div class=\"elementor-container elementor-column-gap-default\">\n\t\t\t\t\t<div class=\"elementor-column elementor-col-50 elementor-top-column elementor-element elementor-element-0dd8561\" data-id=\"0dd8561\" data-element_type=\"column\" data-e-type=\"column\">\n\t\t\t<div class=\"elementor-widget-wrap elementor-element-populated\">\n\t\t\t\t\t\t<div class=\"elementor-element elementor-element-dd27c1f elementor-widget elementor-widget-icon-box\" data-id=\"dd27c1f\" data-element_type=\"widget\" data-e-type=\"widget\" data-widget_type=\"icon-box.default\">\n\t\t\t\t\t\t\t<div class=\"elementor-icon-box-wrapper\">\n\n\t\t\t\n\t\t\t\t\t\t<div class=\"elementor-icon-box-content\">\n\n\t\t\t\t\t\t\t\t\t<div class=\"elementor-icon-box-title\">\n\t\t\t\t\t\t<span  >\n\t\t\t\t\t\t\tBranchez-vous !\t\t\t\t\t\t<\/span>\n\t\t\t\t\t<\/div>\n\t\t\t\t\n\t\t\t\t\t\t\t\t\t<p class=\"elementor-icon-box-description\">\n\t\t\t\t\t\tPour rester \u00e0 l'aff\u00fbt des derni\u00e8res tendances en enseignement, des ressources partag\u00e9es par la communaut\u00e9 et bien plus encore !\t\t\t\t\t<\/p>\n\t\t\t\t\n\t\t\t<\/div>\n\t\t\t\n\t\t<\/div>\n\t\t\t\t\t\t<\/div>\n\t\t\t\t<div class=\"elementor-element elementor-element-ecdb39c elementor-widget elementor-widget-html\" data-id=\"ecdb39c\" data-element_type=\"widget\" data-e-type=\"widget\" data-widget_type=\"html.default\">\n\t\t\t\t\t<div id=\"mc_embed_shell\">\r\n  <link href=\"\/\/cdn-images.mailchimp.com\/embedcode\/classic-061523.css\" rel=\"stylesheet\" type=\"text\/css\">\r\n\r\n  <style type=\"text\/css\">\r\n    :root { --teal:#3fb8a9; --yellow:#f7c401; --gold:#03B09E; }\r\n\r\n    #mc_embed_signup{\r\n      background:transparent !important;\r\n      clear:left;\r\n      font-family: 'Montserrat', sans-serif;\r\n      width:100%;\r\n      border-radius:0;\r\n      padding:0 !important;\r\n      margin:0 !important;\r\n    }\r\n\r\n    #mc_embed_signup_scroll{\r\n      padding:0 !important;\r\n      margin:0 !important;\r\n    }\r\n\r\n    #mc_embed_signup .indicates-required{\r\n      display:none !important;\r\n    }\r\n\r\n    #mc_embed_signup label{\r\n      font-family: 'Montserrat', sans-serif !important;\r\n      color:#ffffff !important;\r\n      font-weight:300;\r\n      margin-bottom:6px;\r\n      display:block;\r\n    }\r\n\r\n    #mc_embed_signup input[type=\"text\"],\r\n    #mc_embed_signup input[type=\"email\"]{\r\n      width:100%;\r\n      padding:18px;\r\n      font-size:16px;\r\n      border:none;\r\n      border-radius:7px !important;\r\n      -webkit-appearance:none;\r\n      appearance:none;\r\n      background-color:#fff;\r\n      color:#6f6f6f !important;\r\n      box-shadow: inset 0 0 0 1px rgba(0,0,0,.08);\r\n      transition:border .2s ease;\r\n    }\r\n    #mc_embed_signup input::placeholder{ color:#6f6f6f; opacity:1; }\r\n\r\n    #mc_embed_signup #mc-embedded-subscribe.button{\r\n      margin-top:15px;\r\n      width:auto;\r\n      min-width:35%;\r\n      align-self:flex-end;\r\n      height:52px;\r\n      line-height:20px;\r\n      letter-spacing:-0.24px;\r\n      padding:0 22px;\r\n      font-size:16px;\r\n      font-weight:500;\r\n      font-family: 'Montserrat', sans-serif !important;\r\n      cursor:pointer;\r\n      background-color:var(--gold);\r\n      color:#fff;\r\n      border:none;\r\n      border-radius:7px;\r\n      transition:background-color .3s ease;\r\n      white-space:nowrap;\r\n      display:inline-block;\r\n    }\r\n    #mc_embed_signup #mc-embedded-subscribe.button:hover{\r\n      background-color:var(--yellow);\r\n      color:#fff;\r\n    }\r\n    #mc_embed_signup #mc-embedded-subscribe.button:focus{\r\n      background-color:var(--gold) !important;\r\n      outline:none;\r\n    }\r\n\r\n    #mc_embed_signup input.mce_inline_error,\r\n    #mc_embed_signup select.mce_inline_error,\r\n    #mc_embed_signup textarea.mce_inline_error {\r\n      background:#fff !important;\r\n      border:1px solid #ff4d4d !important;\r\n      color:#6f6f6f !important;\r\n      box-shadow:none !important;\r\n      outline:none !important;\r\n    }\r\n\r\n    #mc_embed_signup label.mce_inline_error {\r\n      color:#ffffff !important;\r\n    }\r\n\r\n    #mc_embed_signup .mc-field-group .mce_inline_error:not(input):not(label) {\r\n      background:none !important;\r\n      padding:0 !important;\r\n      margin-top:4px;\r\n      font-family:'Montserrat', sans-serif !important;\r\n      color:#ff4d4d !important;\r\n      font-size:0 !important;\r\n    }\r\n    #mc_embed_signup .mc-field-group .mce_inline_error:not(input):not(label)::after {\r\n      content:\"Ce champ est obligatoire\";\r\n      font-size:14px !important;\r\n      color:#ff4d4d !important;\r\n      font-family:'Montserrat', sans-serif !important;\r\n    }\r\n\r\n    #mc_embed_signup #mce-responses {\r\n      margin:0 !important;\r\n      padding:0 !important;\r\n    }\r\n    #mc_embed_signup #mce-responses .response {\r\n      margin:0 !important;\r\n      padding:0 !important;\r\n      border:0 !important;\r\n      background:transparent !important;\r\n      text-indent:0 !important;\r\n    }\r\n\r\n    #mc_embed_signup #mce-success-response {\r\n      font-family:'Montserrat', sans-serif !important;\r\n      color:#ffffff !important;\r\n      font-weight:400;\r\n      text-align:left !important;\r\n      margin:10px 0 0 0 !important;\r\n      padding:0 !important;\r\n      width:100% !important;\r\n      display:block;\r\n      font-size:0 !important;\r\n      text-indent:0 !important;\r\n    }\r\n    #mc_embed_signup #mce-success-response::after {\r\n      content:\"Merci ! V\u00e9rifiez vos courriels pour confirmer votre inscription.\";\r\n      font-size:18px !important;\r\n      color:#ffffff !important;\r\n      font-family:'Montserrat', sans-serif !important;\r\n      display:block;\r\n      margin-left:0 !important;\r\n    }\r\n\r\n    @media (max-width:480px){\r\n      #mc_embed_signup #mc-embedded-subscribe.button{\r\n        width:auto;\r\n        min-width:60%;\r\n        align-self:center;\r\n        text-align:center;\r\n      }\r\n    }\r\n  <\/style>\r\n\r\n  <div id=\"mc_embed_signup\">\r\n    <form action=\"https:\/\/camerisefsl.us20.list-manage.com\/subscribe\/post?u=5134bb880d5313baadc3ad7c6&id=36422cdd9f&f_id=00dc3beef0\"\r\n          method=\"post\" id=\"mc-embedded-subscribe-form\" name=\"mc-embedded-subscribe-form\"\r\n          class=\"validate\" target=\"_blank\">\r\n      <div id=\"mc_embed_signup_scroll\">\r\n\r\n        <!-- Pr\u00e9nom -->\r\n        <div class=\"mc-field-group\">\r\n          <label for=\"mce-FNAME\">Pr\u00e9nom <span class=\"asterisk\">*<\/span><\/label>\r\n          <input type=\"text\" name=\"FNAME\" class=\"required text\" id=\"mce-FNAME\" value=\"\" required placeholder=\"Votre pr\u00e9nom\">\r\n        <\/div>\r\n\r\n        <!-- Nom -->\r\n        <div class=\"mc-field-group\">\r\n          <label for=\"mce-LNAME\">Nom <span class=\"asterisk\">*<\/span><\/label>\r\n          <input type=\"text\" name=\"LNAME\" class=\"required text\" id=\"mce-LNAME\" value=\"\" required placeholder=\"Votre nom\">\r\n        <\/div>\r\n\r\n        <!-- Adresse e-mail -->\r\n        <div class=\"mc-field-group\">\r\n          <label for=\"mce-EMAIL\">Adresse e-mail <span class=\"asterisk\">*<\/span><\/label>\r\n          <input type=\"email\" name=\"EMAIL\" class=\"required email\" id=\"mce-EMAIL\" value=\"\" required placeholder=\"Votre adresse courriel\">\r\n        <\/div>\r\n\r\n        <!-- honeypot anti-spam -->\r\n        <div aria-hidden=\"true\" style=\"position:absolute; left:-5000px;\">\r\n          <input type=\"text\" name=\"b_5134bb880d5313baadc3ad7c6_36422cdd9f\" tabindex=\"-1\" value=\"\">\r\n        <\/div>\r\n\r\n        <div class=\"clear\">\r\n          <input type=\"submit\" name=\"subscribe\" id=\"mc-embedded-subscribe\" class=\"button\" value=\"Inscrivez-vous\">\r\n        <\/div>\r\n\r\n        <!-- Messages -->\r\n        <div id=\"mce-responses\" class=\"clear\">\r\n          <div class=\"response\" id=\"mce-error-response\" style=\"display:none;\"><\/div>\r\n          <div class=\"response\" id=\"mce-success-response\" style=\"display:none;\"><\/div>\r\n        <\/div>\r\n\r\n      <\/div>\r\n    <\/form>\r\n  <\/div>\r\n\r\n  <script src=\"\/\/s3.amazonaws.com\/downloads.mailchimp.com\/js\/mc-validate.js\" type=\"text\/javascript\"><\/script>\r\n  <script type=\"text\/javascript\">\r\n    (function($) {\r\n      window.fnames = new Array(); window.ftypes = new Array();\r\n      fnames[1]='FNAME';ftypes[1]='text';\r\n      fnames[2]='LNAME';ftypes[2]='text';\r\n      fnames[0]='EMAIL';ftypes[0]='email';\r\n      fnames[3]='ADDRESS';ftypes[3]='address';\r\n      fnames[4]='PHONE';ftypes[4]='phone';\r\n      fnames[5]='MMERGE5';ftypes[5]='text';\r\n      fnames[6]='MMERGE6';ftypes[6]='text';\r\n      fnames[18]='MMERGE18';ftypes[18]='text';\r\n      fnames[8]='MMERGE8';ftypes[8]='text';\r\n      fnames[9]='MMERGE9';ftypes[9]='text';\r\n    }(jQuery));\r\n    var $mcj = jQuery.noConflict(true);\r\n  <\/script>\r\n<\/div>\t\t\t\t<\/div>\n\t\t\t\t\t<\/div>\n\t\t<\/div>\n\t\t\t\t<div class=\"elementor-column elementor-col-50 elementor-top-column elementor-element elementor-element-1565b9d\" data-id=\"1565b9d\" data-element_type=\"column\" data-e-type=\"column\">\n\t\t\t<div class=\"elementor-widget-wrap elementor-element-populated\">\n\t\t\t\t\t\t<div class=\"elementor-element elementor-element-b3dd40f elementor-hidden-tablet elementor-hidden-mobile elementor-widget elementor-widget-image\" data-id=\"b3dd40f\" data-element_type=\"widget\" data-e-type=\"widget\" data-widget_type=\"image.default\">\n\t\t\t\t\t\t\t\t\t\t\t\t\t\t\t<img fetchpriority=\"high\" decoding=\"async\" width=\"701\" height=\"708\" src=\"https:\/\/community.camerisefsl.ca\/wp-content\/uploads\/2026\/04\/infolettre_graphique-1.png\" class=\"attachment-full size-full wp-image-8235\" alt=\"\" srcset=\"https:\/\/community.camerisefsl.ca\/wp-content\/uploads\/2026\/04\/infolettre_graphique-1.png 701w, https:\/\/community.camerisefsl.ca\/wp-content\/uploads\/2026\/04\/infolettre_graphique-1-297x300.png 297w, https:\/\/community.camerisefsl.ca\/wp-content\/uploads\/2026\/04\/infolettre_graphique-1-150x150.png 150w, https:\/\/community.camerisefsl.ca\/wp-content\/uploads\/2026\/04\/infolettre_graphique-1-624x630.png 624w, https:\/\/community.camerisefsl.ca\/wp-content\/uploads\/2026\/04\/infolettre_graphique-1-600x606.png 600w, https:\/\/community.camerisefsl.ca\/wp-content\/uploads\/2026\/04\/infolettre_graphique-1-100x100.png 100w\" sizes=\"(max-width: 701px) 100vw, 701px\" \/>\t\t\t\t\t\t\t\t\t\t\t\t\t\t\t<\/div>\n\t\t\t\t\t<\/div>\n\t\t<\/div>\n\t\t\t\t\t<\/div>\n\t\t<\/section>\n\t\t<div class=\"elementor-element elementor-element-a1f4c68 e-flex e-con-boxed e-con e-parent\" data-id=\"a1f4c68\" data-element_type=\"container\" data-e-type=\"container\">\n\t\t\t\t\t<div class=\"e-con-inner\">\n\t\t<div class=\"elementor-element elementor-element-b7fe045 e-con-full e-flex e-con e-child\" data-id=\"b7fe045\" data-element_type=\"container\" data-e-type=\"container\">\n\t\t\t\t<div class=\"elementor-element elementor-element-ca35c6f elementor-widget elementor-widget-heading\" data-id=\"ca35c6f\" data-element_type=\"widget\" data-e-type=\"widget\" data-widget_type=\"heading.default\">\n\t\t\t\t\t<h2 class=\"elementor-heading-title elementor-size-default\">Consulter les derni\u00e8res <span>infolettres<\/span><\/h2>\t\t\t\t<\/div>\n\t\t\t\t<div class=\"elementor-element elementor-element-308c77b elementor-widget elementor-widget-text-editor\" data-id=\"308c77b\" data-element_type=\"widget\" data-e-type=\"widget\" data-widget_type=\"text-editor.default\">\n\t\t\t\t\t\t\t\t\t<p>Chaque \u00e9dition de notre infolettre explore les tendances en p\u00e9dagogie, les outils technos adopt\u00e9s par nos concepteurs, les nouveaut\u00e9s de nos offres de services et les ressources incontournables pour le continuum M-12 et postsecondaire. Toutes les parutions sont archiv\u00e9es et accessibles en tout temps.<\/p>\t\t\t\t\t\t\t\t<\/div>\n\t\t\t\t<div class=\"elementor-element elementor-element-e7ea52f elementor-widget elementor-widget-button\" data-id=\"e7ea52f\" data-element_type=\"widget\" data-e-type=\"widget\" data-widget_type=\"button.default\">\n\t\t\t\t\t\t\t\t\t\t<a class=\"elementor-button elementor-button-link elementor-size-sm\" href=\"https:\/\/us20.campaign-archive.com\/home\/?u=5134bb880d5313baadc3ad7c6&id=36422cdd9f\" target=\"_blank\">\n\t\t\t\t\t\t<span class=\"elementor-button-content-wrapper\">\n\t\t\t\t\t\t\t\t\t<span class=\"elementor-button-text\">Voir les infolettres<\/span>\n\t\t\t\t\t<\/span>\n\t\t\t\t\t<\/a>\n\t\t\t\t\t\t\t\t<\/div>\n\t\t\t\t<\/div>\n\t\t<div class=\"elementor-element elementor-element-02c894a e-con-full e-flex e-con e-child\" data-id=\"02c894a\" data-element_type=\"container\" data-e-type=\"container\">\n\t\t\t\t<div class=\"elementor-element elementor-element-2687221 elementor-hidden-tablet elementor-hidden-mobile elementor-widget elementor-widget-image\" data-id=\"2687221\" data-element_type=\"widget\" data-e-type=\"widget\" data-widget_type=\"image.default\">\n\t\t\t\t\t\t\t\t\t\t\t\t\t\t\t<img decoding=\"async\" width=\"854\" height=\"658\" src=\"https:\/\/community.camerisefsl.ca\/wp-content\/uploads\/2026\/04\/infolettre_graphique_2-1.png\" class=\"attachment-full size-full wp-image-8237\" alt=\"\" srcset=\"https:\/\/community.camerisefsl.ca\/wp-content\/uploads\/2026\/04\/infolettre_graphique_2-1.png 854w, https:\/\/community.camerisefsl.ca\/wp-content\/uploads\/2026\/04\/infolettre_graphique_2-1-300x231.png 300w, https:\/\/community.camerisefsl.ca\/wp-content\/uploads\/2026\/04\/infolettre_graphique_2-1-768x592.png 768w, https:\/\/community.camerisefsl.ca\/wp-content\/uploads\/2026\/04\/infolettre_graphique_2-1-624x481.png 624w, https:\/\/community.camerisefsl.ca\/wp-content\/uploads\/2026\/04\/infolettre_graphique_2-1-600x462.png 600w\" sizes=\"(max-width: 854px) 100vw, 854px\" \/>\t\t\t\t\t\t\t\t\t\t\t\t\t\t\t<\/div>\n\t\t\t\t<\/div>\n\t\t\t\t\t<\/div>\n\t\t\t\t<\/div>\n\t\t\t\t<\/div>\n\t\t","protected":false},"excerpt":{"rendered":"<p>Branchez-vous ! Pour rester \u00e0 l\u2019aff\u00fbt des derni\u00e8res tendances en enseignement, des ressources partag\u00e9es par la communaut\u00e9 et bien plus encore ! Pr\u00e9nom * Nom * Adresse e-mail * Consulter les derni\u00e8res infolettres Chaque \u00e9dition de notre infolettre explore les tendances en p\u00e9dagogie, les outils technos adopt\u00e9s par nos concepteurs, les nouveaut\u00e9s de nos offres de services et les ressources incontournables pour le continuum M-12 et postsecondaire. Toutes les parutions sont archiv\u00e9es et accessibles en\u2026<\/p>\n","protected":false},"author":3,"featured_media":0,"parent":0,"menu_order":0,"comment_status":"closed","ping_status":"closed","template":"page-fullwidth-content.php","meta":{"productId":0,"courseId":0,"footnotes":""},"class_list":["post-8233","page","type-page","status-publish","hentry"],"wpml_current_locale":"fr_FR","wpml_translations":{"en_US":{"locale":"en_US","id":8242,"slug":"newsletter","post_title":"Newsletter","href":"https:\/\/community.camerisefsl.ca\/en\/newsletter\/"}},"app_access":{"can_access":true,"restrict_message":null},"language":{"code":"fr","locale":"","name":"","is_rtl":false},"_links":{"self":[{"href":"https:\/\/community.camerisefsl.ca\/wp-json\/wp\/v2\/pages\/8233","targetHints":{"allow":["GET"]}}],"collection":[{"href":"https:\/\/community.camerisefsl.ca\/wp-json\/wp\/v2\/pages"}],"about":[{"href":"https:\/\/community.camerisefsl.ca\/wp-json\/wp\/v2\/types\/page"}],"author":[{"embeddable":true,"href":"https:\/\/community.camerisefsl.ca\/wp-json\/wp\/v2\/users\/3"}],"replies":[{"embeddable":true,"href":"https:\/\/community.camerisefsl.ca\/wp-json\/wp\/v2\/comments?post=8233"}],"version-history":[{"count":3,"href":"https:\/\/community.camerisefsl.ca\/wp-json\/wp\/v2\/pages\/8233\/revisions"}],"predecessor-version":[{"id":8261,"href":"https:\/\/community.camerisefsl.ca\/wp-json\/wp\/v2\/pages\/8233\/revisions\/8261"}],"wp:attachment":[{"href":"https:\/\/community.camerisefsl.ca\/wp-json\/wp\/v2\/media?parent=8233"}],"curies":[{"name":"wp","href":"https:\/\/api.w.org\/{rel}","templated":true}]}}